{"id":42,"date":"2026-04-14T14:10:07","date_gmt":"2026-04-14T13:10:07","guid":{"rendered":""},"modified":"2026-04-14T14:10:07","modified_gmt":"2026-04-14T13:10:07","slug":"mentions-legales","status":"publish","type":"page","link":"https:\/\/simtechbenin.com\/?page_id=42","title":{"rendered":"Mentions l\u00e9gales"},"content":{"rendered":"<h2 class=\"wp-block-heading\">\u00c9diteur du site<\/h2><p><strong>SIMTECH BENIN<\/strong><br>Activit\u00e9 : Vente de portefeuilles mat\u00e9riels de cryptomonnaies<br>Pays : R\u00e9publique du B\u00e9nin<br>Email : contact@simtechbenin.com<\/p><h2 class=\"wp-block-heading\">H\u00e9bergement<\/h2><p>Le site est h\u00e9berg\u00e9 par [Nom de l&#8217;h\u00e9bergeur \u00e0 compl\u00e9ter].<\/p><h2 class=\"wp-block-heading\">Propri\u00e9t\u00e9 intellectuelle<\/h2><p>L&#8217;ensemble du contenu de ce site (textes, images, logos) est la propri\u00e9t\u00e9 de SIMTECH BENIN ou de ses partenaires. Toute reproduction, m\u00eame partielle, est interdite sans autorisation pr\u00e9alable. Tangem est une marque d\u00e9pos\u00e9e de Tangem AG.<\/p><h2 class=\"wp-block-heading\">Avertissement sur les cryptomonnaies<\/h2><p>Les cryptomonnaies sont des actifs num\u00e9riques dont la valeur est volatile et peut fluctuer de mani\u00e8re significative. SIMTECH BENIN ne fournit aucun conseil en investissement. L&#8217;achat de portefeuilles mat\u00e9riels ne constitue pas un conseil d&#8217;achat de cryptomonnaies. Investissez uniquement ce que vous pouvez vous permettre de perdre.<\/p><h2 class=\"wp-block-heading\">Droit applicable<\/h2><p>Le pr\u00e9sent site et ses conditions d&#8217;utilisation sont r\u00e9gis par le droit b\u00e9ninois. En cas de litige, les tribunaux de Cotonou seront seuls comp\u00e9tents.<\/p>","protected":false},"excerpt":{"rendered":"<p>\u00c9diteur du site SIMTECH BENINActivit\u00e9 : Vente de portefeuilles mat\u00e9riels de cryptomonnaiesPays : R\u00e9publique du B\u00e9ninEmail : contact@simtechbenin.com H\u00e9bergement Le site est h\u00e9berg\u00e9 par [Nom de l&#8217;h\u00e9bergeur \u00e0 compl\u00e9ter]. Propri\u00e9t\u00e9 intellectuelle L&#8217;ensemble du contenu de ce site (textes, images, logos) est la propri\u00e9t\u00e9 de SIMTECH BENIN ou de ses partenaires. Toute reproduction, m\u00eame partielle, est [&hellip;]<\/p>\n","protected":false},"author":1,"featured_media":0,"parent":0,"menu_order":0,"comment_status":"closed","ping_status":"closed","template":"","meta":{"footnotes":""},"class_list":["post-42","page","type-page","status-publish","hentry"],"_links":{"self":[{"href":"https:\/\/simtechbenin.com\/index.php?rest_route=\/wp\/v2\/pages\/42","targetHints":{"allow":["GET"]}}],"collection":[{"href":"https:\/\/simtechbenin.com\/index.php?rest_route=\/wp\/v2\/pages"}],"about":[{"href":"https:\/\/simtechbenin.com\/index.php?rest_route=\/wp\/v2\/types\/page"}],"author":[{"embeddable":true,"href":"https:\/\/simtechbenin.com\/index.php?rest_route=\/wp\/v2\/users\/1"}],"replies":[{"embeddable":true,"href":"https:\/\/simtechbenin.com\/index.php?rest_route=%2Fwp%2Fv2%2Fcomments&post=42"}],"version-history":[{"count":0,"href":"https:\/\/simtechbenin.com\/index.php?rest_route=\/wp\/v2\/pages\/42\/revisions"}],"wp:attachment":[{"href":"https:\/\/simtechbenin.com\/index.php?rest_route=%2Fwp%2Fv2%2Fmedia&parent=42"}],"curies":[{"name":"wp","href":"https:\/\/api.w.org\/{rel}","templated":true}]}}